{"id":70,"date":"2018-06-15T21:14:44","date_gmt":"2018-06-15T19:14:44","guid":{"rendered":"http:\/\/www.new.couleursprovence.allorelian.com\/?page_id=70"},"modified":"2024-01-03T16:50:43","modified_gmt":"2024-01-03T15:50:43","slug":"nos-fournisseurs","status":"publish","type":"page","link":"https:\/\/couleursprovence84.com\/index.php\/nos-fournisseurs\/","title":{"rendered":"Nos fournisseurs"},"content":{"rendered":"<h2>PEINTURES<\/h2>\n<ul>\n<li><a href=\"http:\/\/www.blanchon.com\/\" target=\"_blank\" rel=\"noopener\">BLANCHON<\/a><\/li>\n<li><a href=\"https:\/\/www.farrow-ball.com\/fr\/peinture\" target=\"_blank\" rel=\"noopener\">FARROW &amp; BALL<\/a><\/li>\n<li><a href=\"https:\/\/www.mauler.fr\/\" target=\"_blank\" rel=\"noopener\">MAULER<\/a><\/li>\n<li><a href=\"https:\/\/www.owatrol.com\/\" target=\"_blank\" rel=\"noopener\">OWATROL<\/a><\/li>\n<li><a href=\"https:\/\/www.reca-peintures.com\/\" target=\"_blank\" rel=\"noopener\">RECA<\/a><\/li>\n<li><a href=\"https:\/\/www.rust-oleum.eu\/fr\/\" target=\"_blank\" rel=\"noopener\">RUST-OLEUM<\/a><\/li>\n<li><a href=\"https:\/\/signaturedexception.com\/\" target=\"_blank\" rel=\"noopener\">SIGN&rsquo;ATURE<\/a><\/li>\n<li><a href=\"https:\/\/www.sinto.fr\/\" target=\"_blank\" rel=\"noopener\">SINTO<\/a><\/li>\n<li><a href=\"https:\/\/www.sob.fr\/\" target=\"_blank\" rel=\"noopener\">SOB<\/a><\/li>\n<li><a href=\"https:\/\/www.espacerevetements.com\/index.php?id_category=13&amp;controller=category\" target=\"_blank\" rel=\"noopener\" data-wplink-edit=\"true\">VIVA BATIMENT<\/a><\/li>\n<\/ul>\n<h2>SOL<\/h2>\n<ul>\n<li><a href=\"https:\/\/coretecfloors.com\/fr-fr\" target=\"_blank\" rel=\"noopener\">CORETEC<\/a><\/li>\n<li><a href=\"http:\/\/www.colorfrance.com\/\" target=\"_blank\" rel=\"noopener\">DEFI &#8211; HOUILLERES DE CRUEJOULS<\/a> (<a href=\"https:\/\/couleursprovence84.com\/index.php\/beton-ciree\/\" target=\"_blank\" rel=\"noopener\">b\u00e9ton cir\u00e9<\/a>)<\/li>\n<li><a href=\"http:\/\/espacerevetements.com\/\" target=\"_blank\" rel=\"noopener\">ESPACE REV\u00caTEMENTS<\/a><\/li>\n<li><a href=\"https:\/\/jameshalstead.com\/\" target=\"_blank\" rel=\"noopener\">JAMES HALSTEAD<\/a><\/li>\n<li><a href=\"https:\/\/www.quick-step.fr\" target=\"_blank\" rel=\"noopener\">QUICK STEP<\/a><\/li>\n<\/ul>\n<h2>PAPIERS PEINTS<\/h2>\n<ul>\n<li><a href=\"https:\/\/www.as-creation.com\/fr\/\" target=\"_blank\" rel=\"noopener\">AS CREATION<\/a><\/li>\n<li><a href=\"https:\/\/emil-hugo.de\/fr\/home-fr\/\" target=\"_blank\" rel=\"noopener\">EMIL &amp; HUGO<\/a><\/li>\n<li><a href=\"http:\/\/espacerevetements.com\/\" target=\"_blank\" rel=\"noopener\">ESPACE REV\u00caTEMENTS<\/a><\/li>\n<li><a href=\"https:\/\/www.farrow-ball.com\/fr\/papier-peint\" target=\"_blank\" rel=\"noopener\">FARROW &amp; BALL<\/a><\/li>\n<li>INITIALES<\/li>\n<li><a href=\"https:\/\/www.lutece-papierpeint.com\/\" target=\"_blank\" rel=\"noopener\">LUTECE<\/a><\/li>\n<li><a href=\"https:\/\/www.montecolino.fr\/\" target=\"_blank\" rel=\"noopener\">MONTECOLINO<\/a><\/li>\n<li><a href=\"https:\/\/www.rasch-tapeten.de\/fr\/\" target=\"_blank\" rel=\"noopener\">RASCH<\/a><\/li>\n<\/ul>\n<h2>OUTILLAGE<\/h2>\n<ul>\n<li><a href=\"http:\/\/espacerevetements.com\/\" target=\"_blank\" rel=\"noopener\">ESPACE REV\u00caTEMENTS<\/a><\/li>\n<li><a href=\"https:\/\/www.festool.fr\/\" target=\"_blank\" rel=\"noopener\">FESTOOL<\/a><\/li>\n<li><a href=\"https:\/\/www.outilparfait.com\/\" target=\"_blank\" rel=\"noopener\">L&rsquo;OUTIL PARFAIT<\/a><\/li>\n<li><a href=\"http:\/\/www.rupes.com\/fr\/\" target=\"_blank\" rel=\"noopener\">RUPES<\/a><\/li>\n<li><a href=\"https:\/\/www.werku.com\/\" target=\"_blank\" rel=\"noopener\">WERKU<\/a><\/li>\n<\/ul>\n<h2>COLLES &amp; ENDUITS<\/h2>\n<ul>\n<li><a href=\"https:\/\/tec7.com\/fr-FR\" target=\"_blank\" rel=\"noopener\">TEC 7<\/a><\/li>\n<li><a href=\"https:\/\/www.beissier.fr\/\" target=\"_blank\" rel=\"noopener\">BEISSIER<\/a><\/li>\n<li><a href=\"https:\/\/toupret.com\/fr\" target=\"_blank\" rel=\"noopener\">TOUPRET<\/a><\/li>\n<li>RUALAIX<\/li>\n<\/ul>\n","protected":false},"excerpt":{"rendered":"<p>PEINTURES BLANCHON FARROW &amp; BALL MAULER OWATROL RECA RUST-OLEUM SIGN&rsquo;ATURE SINTO SOB VIVA BATIMENT SOL CORETEC DEFI &#8211; HOUILLERES DE CRUEJOULS (b\u00e9ton cir\u00e9) ESPACE REV\u00caTEMENTS JAMES HALSTEAD QUICK STEP PAPIERS PEINTS AS CREATION EMIL &amp; HUGO ESPACE REV\u00caTEMENTS FARROW &amp; BALL INITIALES LUTECE MONTECOLINO RASCH OUTILLAGE ESPACE REV\u00caTEMENTS FESTOOL L&rsquo;OUTIL PARFAIT RUPES WERKU COLLES &amp;&hellip; <a class=\"more-link\" href=\"https:\/\/couleursprovence84.com\/index.php\/nos-fournisseurs\/\">Poursuivre la lecture <span class=\"screen-reader-text\">Nos fournisseurs<\/span><\/a><\/p>\n","protected":false},"author":1,"featured_media":0,"parent":0,"menu_order":0,"comment_status":"closed","ping_status":"closed","template":"","meta":{"_themeisle_gutenberg_block_has_review":false,"footnotes":""},"class_list":["post-70","page","type-page","status-publish","hentry","entry"],"featured_media_urls":[],"_links":{"self":[{"href":"https:\/\/couleursprovence84.com\/index.php\/wp-json\/wp\/v2\/pages\/70","targetHints":{"allow":["GET"]}}],"collection":[{"href":"https:\/\/couleursprovence84.com\/index.php\/wp-json\/wp\/v2\/pages"}],"about":[{"href":"https:\/\/couleursprovence84.com\/index.php\/wp-json\/wp\/v2\/types\/page"}],"author":[{"embeddable":true,"href":"https:\/\/couleursprovence84.com\/index.php\/wp-json\/wp\/v2\/users\/1"}],"replies":[{"embeddable":true,"href":"https:\/\/couleursprovence84.com\/index.php\/wp-json\/wp\/v2\/comments?post=70"}],"version-history":[{"count":15,"href":"https:\/\/couleursprovence84.com\/index.php\/wp-json\/wp\/v2\/pages\/70\/revisions"}],"predecessor-version":[{"id":460,"href":"https:\/\/couleursprovence84.com\/index.php\/wp-json\/wp\/v2\/pages\/70\/revisions\/460"}],"wp:attachment":[{"href":"https:\/\/couleursprovence84.com\/index.php\/wp-json\/wp\/v2\/media?parent=70"}],"curies":[{"name":"wp","href":"https:\/\/api.w.org\/{rel}","templated":true}]}}