{"id":56,"date":"2018-06-15T14:28:43","date_gmt":"2018-06-15T12:28:43","guid":{"rendered":"http:\/\/www.new.couleursprovence.allorelian.com\/?page_id=56"},"modified":"2024-01-03T16:38:17","modified_gmt":"2024-01-03T15:38:17","slug":"peinture-exterieure","status":"publish","type":"page","link":"https:\/\/couleursprovence84.com\/index.php\/peinture-exterieure\/","title":{"rendered":"Peintures ext\u00e9rieures"},"content":{"rendered":"<h1>Murs bruts<\/h1>\n<ul>\n<li>Peinture acrylique mat ext\u00e9rieur<\/li>\n<\/ul>\n<h1>Murs poreux et ab\u00eem\u00e9s<\/h1>\n<ul>\n<li>Peinture \u00e0 base de pliolite<\/li>\n<\/ul>\n<h1>Volets<\/h1>\n<ul>\n<li>Peinture polyur\u00e9thane, cationique, acrylique satin \/ velout\u00e9e<\/li>\n<\/ul>\n<h1>Volets ab\u00eem\u00e9s<\/h1>\n<ul>\n<li>Peinture glyc\u00e9ro satin\u00e9e<\/li>\n<\/ul>\n","protected":false},"excerpt":{"rendered":"<p>Murs bruts Peinture acrylique mat ext\u00e9rieur Murs poreux et ab\u00eem\u00e9s Peinture \u00e0 base de pliolite Volets Peinture polyur\u00e9thane, cationique, acrylique satin \/ velout\u00e9e Volets ab\u00eem\u00e9s Peinture glyc\u00e9ro satin\u00e9e<\/p>\n","protected":false},"author":1,"featured_media":0,"parent":0,"menu_order":0,"comment_status":"closed","ping_status":"closed","template":"","meta":{"_themeisle_gutenberg_block_has_review":false,"footnotes":""},"class_list":["post-56","page","type-page","status-publish","hentry","entry"],"featured_media_urls":[],"_links":{"self":[{"href":"https:\/\/couleursprovence84.com\/index.php\/wp-json\/wp\/v2\/pages\/56","targetHints":{"allow":["GET"]}}],"collection":[{"href":"https:\/\/couleursprovence84.com\/index.php\/wp-json\/wp\/v2\/pages"}],"about":[{"href":"https:\/\/couleursprovence84.com\/index.php\/wp-json\/wp\/v2\/types\/page"}],"author":[{"embeddable":true,"href":"https:\/\/couleursprovence84.com\/index.php\/wp-json\/wp\/v2\/users\/1"}],"replies":[{"embeddable":true,"href":"https:\/\/couleursprovence84.com\/index.php\/wp-json\/wp\/v2\/comments?post=56"}],"version-history":[{"count":2,"href":"https:\/\/couleursprovence84.com\/index.php\/wp-json\/wp\/v2\/pages\/56\/revisions"}],"predecessor-version":[{"id":454,"href":"https:\/\/couleursprovence84.com\/index.php\/wp-json\/wp\/v2\/pages\/56\/revisions\/454"}],"wp:attachment":[{"href":"https:\/\/couleursprovence84.com\/index.php\/wp-json\/wp\/v2\/media?parent=56"}],"curies":[{"name":"wp","href":"https:\/\/api.w.org\/{rel}","templated":true}]}}