{"id":54,"date":"2018-06-15T14:15:23","date_gmt":"2018-06-15T12:15:23","guid":{"rendered":"http:\/\/www.new.couleursprovence.allorelian.com\/?page_id=54"},"modified":"2024-01-03T16:39:29","modified_gmt":"2024-01-03T15:39:29","slug":"peintures-interieurs","status":"publish","type":"page","link":"https:\/\/couleursprovence84.com\/index.php\/peintures-interieurs\/","title":{"rendered":"Peintures int\u00e9rieures"},"content":{"rendered":"<h1>Plafond<\/h1>\n<ul>\n<li>Mat sans reprise<\/li>\n<li>Mouill\u00e9 sur mouill\u00e9<\/li>\n<\/ul>\n<h1>Murs<\/h1>\n<ul>\n<li>Mat : acrylique<\/li>\n<li>Velours : acrylique lessivable<\/li>\n<li>Satin : acrylique lessivable<\/li>\n<\/ul>\n<h1>Portes<\/h1>\n<ul>\n<li>Polyur\u00e9thane, cationique, et acrylique satin\u00e9e lessivable<\/li>\n<\/ul>\n","protected":false},"excerpt":{"rendered":"<p>Plafond Mat sans reprise Mouill\u00e9 sur mouill\u00e9 Murs Mat : acrylique Velours : acrylique lessivable Satin : acrylique lessivable Portes Polyur\u00e9thane, cationique, et acrylique satin\u00e9e lessivable<\/p>\n","protected":false},"author":1,"featured_media":0,"parent":0,"menu_order":0,"comment_status":"closed","ping_status":"closed","template":"","meta":{"_themeisle_gutenberg_block_has_review":false,"footnotes":""},"class_list":["post-54","page","type-page","status-publish","hentry","entry"],"featured_media_urls":[],"_links":{"self":[{"href":"https:\/\/couleursprovence84.com\/index.php\/wp-json\/wp\/v2\/pages\/54","targetHints":{"allow":["GET"]}}],"collection":[{"href":"https:\/\/couleursprovence84.com\/index.php\/wp-json\/wp\/v2\/pages"}],"about":[{"href":"https:\/\/couleursprovence84.com\/index.php\/wp-json\/wp\/v2\/types\/page"}],"author":[{"embeddable":true,"href":"https:\/\/couleursprovence84.com\/index.php\/wp-json\/wp\/v2\/users\/1"}],"replies":[{"embeddable":true,"href":"https:\/\/couleursprovence84.com\/index.php\/wp-json\/wp\/v2\/comments?post=54"}],"version-history":[{"count":1,"href":"https:\/\/couleursprovence84.com\/index.php\/wp-json\/wp\/v2\/pages\/54\/revisions"}],"predecessor-version":[{"id":455,"href":"https:\/\/couleursprovence84.com\/index.php\/wp-json\/wp\/v2\/pages\/54\/revisions\/455"}],"wp:attachment":[{"href":"https:\/\/couleursprovence84.com\/index.php\/wp-json\/wp\/v2\/media?parent=54"}],"curies":[{"name":"wp","href":"https:\/\/api.w.org\/{rel}","templated":true}]}}