{"id":370,"date":"2024-01-02T19:40:13","date_gmt":"2024-01-02T18:40:13","guid":{"rendered":"https:\/\/couleursprovence84.com\/?page_id=370"},"modified":"2025-08-19T16:41:46","modified_gmt":"2025-08-19T14:41:46","slug":"accueil","status":"publish","type":"page","link":"https:\/\/couleursprovence84.com\/","title":{"rendered":"Sans titre"},"content":{"rendered":"\n<figure class=\"wp-block-image size-full\"><img loading=\"lazy\" decoding=\"async\" width=\"2481\" height=\"1748\" src=\"http:\/\/couleursprovence84.com\/wp-content\/uploads\/2024\/07\/pub.png\" alt=\"\" class=\"wp-image-485\" srcset=\"https:\/\/couleursprovence84.com\/wp-content\/uploads\/2024\/07\/pub.png 2481w, https:\/\/couleursprovence84.com\/wp-content\/uploads\/2024\/07\/pub-300x211.png 300w, https:\/\/couleursprovence84.com\/wp-content\/uploads\/2024\/07\/pub-1024x721.png 1024w, https:\/\/couleursprovence84.com\/wp-content\/uploads\/2024\/07\/pub-768x541.png 768w, https:\/\/couleursprovence84.com\/wp-content\/uploads\/2024\/07\/pub-1536x1082.png 1536w, https:\/\/couleursprovence84.com\/wp-content\/uploads\/2024\/07\/pub-2048x1443.png 2048w, https:\/\/couleursprovence84.com\/wp-content\/uploads\/2024\/07\/pub-1568x1105.png 1568w, https:\/\/couleursprovence84.com\/wp-content\/uploads\/2024\/07\/pub-600x423.png 600w, https:\/\/couleursprovence84.com\/wp-content\/uploads\/2024\/07\/pub-1200x845.png 1200w\" sizes=\"auto, (max-width: 2481px) 100vw, 2481px\" \/><\/figure>\n\n\n<style type=\"text\/css\">.zoom-instagram.feed-356{font-size:14px!important;padding:1px!important;}.zoom-instagram.feed-356 .zoom-instagram-widget__items{display:grid!important;grid-template-columns:repeat(3,1fr);}.zoom-instagram.feed-356 .zoom-instagram-widget__items{gap:10px!important;}<\/style>\n<div class=\"zoom-instagram feed-356 aligncenter layout-grid columns-3 with-lightbox spacing-10 perpage-3\"><header class=\"zoom-instagram-widget__header\"><div class=\"zoom-instagram-widget__header-column-left\"><img decoding=\"async\" src=\"https:\/\/couleursprovence84.com\/wp-content\/plugins\/instagram-widget-by-wpzoom\/dist\/images\/backend\/icon-insta.png\" alt=\"@couleursprovence\" width=\"70\"\/><\/div><div class=\"zoom-instagram-widget__header-column-right\"><h5 class=\"zoom-instagram-widget__header-name\"><\/h5><p class=\"zoom-instagram-widget__header-user\"><a href=\"https:\/\/www.instagram.com\/couleursprovence\" target=\"_blank\" rel=\"nofollow\">@couleursprovence<\/a><\/p><div class=\"zoom-instagram-widget__header-bio\"><\/div><\/div><\/header><div class=\"zoom-instagram-widget__items-wrapper\"><ul class=\"zoom-instagram-widget__items zoom-instagram-widget__items--no-js layout-grid\" data-layout=\"grid\" data-lightbox=\"1\" data-spacing=\"10\" data-perpage=\"3\"><li class=\"zoom-instagram-widget__item media-icons-normal media-icons-hover\" data-media-id=\"18011439557542016\"data-nonce=\"f375a3b1d4\"data-regenerate-thumbnails=\"1\"data-media-type=\"video\"><div class=\"zoom-instagram-widget__item-inner-wrap\"><img class=\"zoom-instagram-link zoom-instagram-link-new\"  data-src=\"https:\/\/couleursprovence84.com\/wp-content\/uploads\/2024\/01\/456879593_422551854170193_1099045603303534272_n-180x320.jpg\" data-mfp-src=\"18011439557542016\" width=\"180\" height=\"320\" alt=\"Changement d\u2019ambiance chez Couleurs Provence ! \nLe 15 ao\u00fbt c\u2019\u00e9tait notre \u00e9preuve olympique \u00e0 nous : \nChangez le sol \u2705\nRepeindre les murs \u2705\n Refaire nos panneaux de fa\u00e7ade gr\u00e2ce \u00e0 @letempsdunecreation84 \ud83d\udc4c\ud83c\udffc \u2705\n#peinture #couleurs #provence #espacerevetements\" \/><div class=\"hover-layout zoom-instagram-widget__overlay zoom-instagram-widget__black \"><svg class=\"svg-icon\" shape-rendering=\"geometricPrecision\"><use xlink:href=\"https:\/\/couleursprovence84.com\/wp-content\/plugins\/instagram-widget-by-wpzoom\/dist\/images\/frontend\/wpzoom-instagram-icons.svg#video\"><\/use><\/svg><div class=\"zoom-instagram-icon-wrap\"><a class=\"zoom-svg-instagram-stroke\" href=\"https:\/\/www.instagram.com\/reel\/C_IJtTLNk4m\/\" rel=\"noopener nofollow\" target=\"_blank\" title=\"Changement d\u2019ambiance chez Couleurs Provence ! \nLe 15 ao\u00fbt c\u2019\u00e9tait notre \u00e9preuve olympique \u00e0 nous : \nChangez le sol \u2705\nRepeindre les murs \u2705\n Refaire nos panneaux de fa\u00e7ade gr\u00e2ce \u00e0 @letempsdunecreation84 \ud83d\udc4c\ud83c\udffc \u2705\n#peinture #couleurs #provence #espacerevetements\"><\/a><\/div>\n    \t\t\t\t\t<a class=\"zoom-instagram-link\" data-src=\"https:\/\/couleursprovence84.com\/wp-content\/uploads\/2024\/01\/456879593_422551854170193_1099045603303534272_n-180x320.jpg\" data-mfp-src=\"18011439557542016\" href=\"https:\/\/www.instagram.com\/reel\/C_IJtTLNk4m\/\" target=\"_blank\" rel=\"noopener nofollow\" title=\"Changement d\u2019ambiance chez Couleurs Provence ! \nLe 15 ao\u00fbt c\u2019\u00e9tait notre \u00e9preuve olympique \u00e0 nous : \nChangez le sol \u2705\nRepeindre les murs \u2705\n Refaire nos panneaux de fa\u00e7ade gr\u00e2ce \u00e0 @letempsdunecreation84 \ud83d\udc4c\ud83c\udffc \u2705\n#peinture #couleurs #provence #espacerevetements\"><\/a>\n    \t\t\t\t\t<\/div><\/div><\/li><\/ul><\/div><div class=\"zoom-instagram-widget__footer\"><a href=\"https:\/\/www.instagram.com\/couleursprovence\" target=\"_blank\" rel=\"noopener nofollow\" class=\"wpz-button wpz-button-primary wpz-insta-view-on-insta-button\"><span class=\"button-icon zoom-svg-instagram-stroke\"><\/span> View on Instagram<\/a><\/div><div class=\"wpz-insta-lightbox-wrapper mfp-hide\"><div class=\"swiper\"><div class=\"swiper-wrapper\"><div data-uid=\"18011439557542016\" class=\"swiper-slide wpz-insta-lightbox-item\"><div class=\"wpz-insta-lightbox\"><div class=\"image-wrapper\"><video controls muted preload=\"none\"><source src=\"https:\/\/scontent-mrs2-2.cdninstagram.com\/o1\/v\/t2\/f2\/m86\/AQMh-p3Qy7bIE6onTwvR6ntw9rXAmi52xeQUJqvSpbljadv_8RjUFSf47wJcoDnZTyhpl82_lPtNQWD3lBBIK4uBKiv-UjDZDjPOeAc.mp4?_nc_cat=110&#038;_nc_sid=5e9851&#038;_nc_ht=scontent-mrs2-2.cdninstagram.com&#038;_nc_ohc=5Nb7OwpjHXMQ7kNvwEL9xBD&#038;efg=eyJ2ZW5jb2RlX3RhZyI6Inhwdl9wcm9ncmVzc2l2ZS5JTlNUQUdSQU0uQ0xJUFMuQzMuNzIwLmRhc2hfYmFzZWxpbmVfMV92MSIsInhwdl9hc3NldF9pZCI6MTI3MDgyMjMwMDk0MzMyMCwiYXNzZXRfYWdlX2RheXMiOjYxMSwidmlfdXNlY2FzZV9pZCI6MTAwOTksImR1cmF0aW9uX3MiOjE3LCJ1cmxnZW5fc291cmNlIjoid3d3In0%3D&#038;ccb=17-1&#038;vs=d32e2218728533e&#038;_nc_vs=HBksFQIYUmlnX3hwdl9yZWVsc19wZXJtYW5lbnRfc3JfcHJvZC9ENzQ3MkNDQUUzMjhBNTY5OTk1RjI3MDg4QzI4NjM5Q192aWRlb19kYXNoaW5pdC5tcDQVAALIARIAFQIYR2lnX3hwdl9yZWVsc19wZXJtYW5lbnRfc3JfcHJvZC8xMjU0NjU4MDcyNjQ0ODg1XzE4OTE2NjgzNTQzOTcyMjMzNTMubXA0FQICyAESACgAGAAbAogHdXNlX29pbAExEnByb2dyZXNzaXZlX3JlY2lwZQExFQAAJrCPkP3L88EEFQIoAkMzLBdAMSIMSbpeNRgSZGFzaF9iYXNlbGluZV8xX3YxEQB1_gdl5p0BAA&#038;_nc_gid=YcJWdJrsBPH_U8PsOhPUOg&#038;edm=ANo9K5cEAAAA&#038;_nc_zt=28&#038;_nc_tpa=Q5bMBQHpaBjKiLZZTxbk9rkuIpEUwVDqR-w9GRoIR5v8vlI35jL2aC8MwzZ2XerwxaKE-1A1-kqUe4Wq&#038;oh=00_Af0XgiJafbWmlY46dV8HtQDTytw00jiGFMFp4DdmbcmIrg&#038;oe=69F4AE6F\" type=\"video\/mp4\"\/><\/video><\/div>\n\t\t\t\t\t<div class=\"details-wrapper\">\n\t\t\t\t\t<div class=\"wpz-insta-header\">\n\t\t\t\t\t\t<div class=\"wpz-insta-avatar\">\n\t\t\t\t\t\t\t<img loading=\"lazy\" decoding=\"async\" src=\"https:\/\/couleursprovence84.com\/wp-content\/plugins\/instagram-widget-by-wpzoom\/dist\/images\/backend\/icon-insta.png\" alt=\"@couleursprovence\" width=\"42\" height=\"42\"\/>\n\t\t\t\t\t\t<\/div>\n\t\t\t\t\t\t<div class=\"wpz-insta-buttons\">\n\t\t\t\t\t\t\t<div class=\"wpz-insta-username\">\n\t\t\t\t\t\t\t\t<a rel=\"noopener\" target=\"_blank\" href=\"https:\/\/instagram.com\/couleursprovence\">@couleursprovence<\/a>\n\t\t\t\t\t\t\t<\/div>\n\t\t\t\t\t\t\t<div>&bull;<\/div>\n\t\t\t\t\t\t\t<div class=\"wpz-insta-follow\">\n\t\t\t\t\t\t\t\t<a target=\"_blank\" rel=\"noopener\"\n\t\t\t\t\t\t\t\thref=\"https:\/\/instagram.com\/couleursprovence?ref=badge\">\n\t\t\t\t\t\t\t\t\tFollow\n\t\t\t\t\t\t\t\t<\/a>\n\t\t\t\t\t\t\t<\/div>\n\t\t\t\t\t\t<\/div>\n\t\t\t\t\t<\/div><div class=\"wpz-insta-caption\">Changement d\u2019ambiance chez Couleurs Provence ! \nLe 15 ao\u00fbt c\u2019\u00e9tait notre \u00e9preuve olympique \u00e0 nous : \nChangez le sol \u2705\nRepeindre les murs \u2705\n Refaire nos panneaux de fa\u00e7ade gr\u00e2ce \u00e0 @letempsdunecreation84 \ud83d\udc4c\ud83c\udffc \u2705\n#peinture #couleurs #provence #espacerevetements<\/div><div class=\"wpz-insta-date\">2 ans ago<\/div><div class=\"view-post\">\n\t\t\t\t\t<a href=\"https:\/\/www.instagram.com\/reel\/C_IJtTLNk4m\/\" target=\"_blank\" rel=\"noopener\"><span class=\"dashicons dashicons-instagram\"><\/span>View on Instagram<\/a>\n\t\t\t\t\t<span class=\"delimiter\">|<\/span>\n\t\t\t\t\t<div class=\"wpz-insta-pagination\">1\/1<\/div>\n\t\t\t\t\t<\/div><\/div><\/div><\/div><\/div><div class=\"swiper-button-prev\"><\/div><div class=\"swiper-button-next\"><\/div><\/div><\/div><\/div>","protected":false},"excerpt":{"rendered":"","protected":false},"author":1,"featured_media":0,"parent":0,"menu_order":0,"comment_status":"closed","ping_status":"closed","template":"","meta":{"_themeisle_gutenberg_block_has_review":false,"footnotes":""},"class_list":["post-370","page","type-page","status-publish","hentry","entry"],"featured_media_urls":[],"_links":{"self":[{"href":"https:\/\/couleursprovence84.com\/index.php\/wp-json\/wp\/v2\/pages\/370","targetHints":{"allow":["GET"]}}],"collection":[{"href":"https:\/\/couleursprovence84.com\/index.php\/wp-json\/wp\/v2\/pages"}],"about":[{"href":"https:\/\/couleursprovence84.com\/index.php\/wp-json\/wp\/v2\/types\/page"}],"author":[{"embeddable":true,"href":"https:\/\/couleursprovence84.com\/index.php\/wp-json\/wp\/v2\/users\/1"}],"replies":[{"embeddable":true,"href":"https:\/\/couleursprovence84.com\/index.php\/wp-json\/wp\/v2\/comments?post=370"}],"version-history":[{"count":7,"href":"https:\/\/couleursprovence84.com\/index.php\/wp-json\/wp\/v2\/pages\/370\/revisions"}],"predecessor-version":[{"id":503,"href":"https:\/\/couleursprovence84.com\/index.php\/wp-json\/wp\/v2\/pages\/370\/revisions\/503"}],"wp:attachment":[{"href":"https:\/\/couleursprovence84.com\/index.php\/wp-json\/wp\/v2\/media?parent=370"}],"curies":[{"name":"wp","href":"https:\/\/api.w.org\/{rel}","templated":true}]}}